{"id":1394,"date":"2023-02-26T22:11:52","date_gmt":"2023-02-27T01:11:52","guid":{"rendered":"https:\/\/enfermagempesquisadora.com.br\/?page_id=1394"},"modified":"2025-05-19T23:13:13","modified_gmt":"2025-05-20T02:13:13","slug":"primeiros-passos","status":"publish","type":"page","link":"https:\/\/enfermagempesquisadora.com.br\/en\/primeiros-passos\/","title":{"rendered":"First steps"},"content":{"rendered":"<p>[et_pb_section fb_built=&#8221;1&#8243; _builder_version=&#8221;4.20.2&#8243; _module_preset=&#8221;default&#8221; global_colors_info=&#8221;{}&#8221;][et_pb_row _builder_version=&#8221;4.24.2&#8243; _module_preset=&#8221;default&#8221; custom_margin=&#8221;0px||||false|false&#8221; custom_padding=&#8221;0px||10px||false|false&#8221; global_colors_info=&#8221;{}&#8221;][et_pb_column type=&#8221;4_4&#8243; _builder_version=&#8221;4.20.2&#8243; _module_preset=&#8221;default&#8221; global_colors_info=&#8221;{}&#8221;][et_pb_text _builder_version=&#8221;4.24.2&#8243; _module_preset=&#8221;default&#8221; header_2_font=&#8221;|700|||||||&#8221; header_2_text_color=&#8221;#93db64&#8243; header_2_font_size=&#8221;50px&#8221; custom_padding=&#8221;||0px||false|false&#8221; header_font_size_tablet=&#8221;&#8221; header_font_size_phone=&#8221;&#8221; header_font_size_last_edited=&#8221;on|phone&#8221; header_2_font_size_tablet=&#8221;50px&#8221; header_2_font_size_phone=&#8221;43px&#8221; header_2_font_size_last_edited=&#8221;on|phone&#8221; global_colors_info=&#8221;{}&#8221;]<\/p>\n<h2>Primeiros passos<\/h2>\n<p>[\/et_pb_text][\/et_pb_column][\/et_pb_row][et_pb_row custom_padding_last_edited=&#8221;on|phone&#8221; _builder_version=&#8221;4.24.2&#8243; _module_preset=&#8221;default&#8221; width_tablet=&#8221;&#8221; width_phone=&#8221;&#8221; width_last_edited=&#8221;on|phone&#8221; max_width_tablet=&#8221;&#8221; max_width_phone=&#8221;&#8221; max_width_last_edited=&#8221;on|desktop&#8221; module_alignment=&#8221;center&#8221; custom_padding_tablet=&#8221;&#8221; custom_padding_phone=&#8221;10px||||false|false&#8221; global_colors_info=&#8221;{}&#8221;][et_pb_column type=&#8221;4_4&#8243; _builder_version=&#8221;4.20.2&#8243; _module_preset=&#8221;default&#8221; global_colors_info=&#8221;{}&#8221;][et_pb_text _builder_version=&#8221;4.24.2&#8243; _module_preset=&#8221;default&#8221; width_tablet=&#8221;&#8221; width_phone=&#8221;98%&#8221; width_last_edited=&#8221;on|phone&#8221; global_colors_info=&#8221;{}&#8221;]<\/p>\n<p style=\"text-align: justify;\"><span style=\"font-weight: 400;\">A pesquisa \u00e9 uma parte fundamental do avan\u00e7o da Enfermagem e da sa\u00fade em geral. Como aluno ou enfermeiro, voc\u00ea pode contribuir para a melhoria da pr\u00e1tica cl\u00ednica, identificando lacunas de conhecimento e criando novas solu\u00e7\u00f5es para problemas de sa\u00fade.<\/span><\/p>\n<p style=\"text-align: justify;\"><span style=\"font-weight: 400;\">No entanto, n\u00f3s sabemos que entrar no mundo da pesquisa pode ser intimidante, especialmente se voc\u00ea n\u00e3o tiver experi\u00eancia pr\u00e9via ou conhecimento sobre como come\u00e7ar, mas n\u00e3o se preocupe, nosso objetivo \u00e9 ajud\u00e1-lo a superar os desafios e obst\u00e1culos que podem surgir durante o processo de pesquisa, permitindo que voc\u00ea desenvolva suas habilidades e contribua para o avan\u00e7o da pr\u00e1tica cl\u00ednica.<\/span><\/p>\n<p style=\"text-align: justify;\"><span style=\"font-weight: 400;\">Neste post, vamos compartilhar dicas valiosas para ajud\u00e1-lo a dar os primeiros passos na pesquisa. Desde a identifica\u00e7\u00e3o de um tema de interesse at\u00e9 a apresenta\u00e7\u00e3o dos resultados de sua pesquisa, forneceremos informa\u00e7\u00f5es \u00fateis sobre como encontrar orientadores experientes, obter conhecimento te\u00f3rico e se envolver em projetos de pesquisa. Com essas dicas, voc\u00ea estar\u00e1 bem preparado para come\u00e7ar sua jornada na pesquisa.<\/span><span style=\"font-weight: 400;\"><\/span><span style=\"font-weight: 400;\"><\/span><\/p>\n<p>&nbsp;<\/p>\n<h5><strong>1. Identifique sua \u00e1rea de interesse:<\/strong><\/h5>\n<p style=\"text-align: justify;\"><span style=\"font-weight: 400;\"><\/span><\/p>\n<p style=\"text-align: justify;\"><span style=\"font-weight: 400;\">Antes de come\u00e7ar uma pesquisa, \u00e9 importante escolher um tema que seja significativo e relevante para <\/span><b>voc\u00ea<\/b><span style=\"font-weight: 400;\">. \u00c9 importante que a pesquisa tenha um prop\u00f3sito social, por\u00e9m escolher um tema sem se apropriar dele pode lev\u00e1-lo a desistir no meio da pesquisa. Comece pensando em sua \u00e1rea de interesse ou em um problema que voc\u00ea gostaria de resolver na pr\u00e1tica. Pergunte a si mesmo:<\/span><\/p>\n<p style=\"text-align: justify;\"><span style=\"font-weight: 400;\"><\/span><\/p>\n<p><img data-recalc-dims=\"1\" loading=\"lazy\" decoding=\"async\" src=\"https:\/\/i0.wp.com\/enfermagempesquisadora.com.br\/wp-content\/uploads\/2023\/03\/Figura-1-primeiros-passos.png?resize=800%2C200\" width=\"800\" height=\"200\" alt=\"\" class=\"wp-image-1568 alignnone size-full\" style=\"display: block; margin-left: auto; margin-right: auto;\" srcset=\"https:\/\/i0.wp.com\/enfermagempesquisadora.com.br\/wp-content\/uploads\/2023\/03\/Figura-1-primeiros-passos.png?w=800&amp;ssl=1 800w, https:\/\/i0.wp.com\/enfermagempesquisadora.com.br\/wp-content\/uploads\/2023\/03\/Figura-1-primeiros-passos.png?resize=300%2C75&amp;ssl=1 300w, https:\/\/i0.wp.com\/enfermagempesquisadora.com.br\/wp-content\/uploads\/2023\/03\/Figura-1-primeiros-passos.png?resize=768%2C192&amp;ssl=1 768w\" sizes=\"(max-width: 800px) 100vw, 800px\" \/><\/p>\n<p style=\"text-align: justify;\"><span style=\"font-weight: 400;\"><\/span><\/p>\n<p style=\"text-align: justify;\"><span style=\"font-weight: 400;\">Depois de escolher um t\u00f3pico, fa\u00e7a uma pesquisa preliminar para saber se j\u00e1 existem estudos semelhantes em sua \u00e1rea de interesse. Isso pode ajud\u00e1-lo a identificar quais s\u00e3o as lacunas de conhecimento e onde h\u00e1 espa\u00e7o para sua pesquisa.<\/span><\/p>\n<p style=\"text-align: justify;\"><span style=\"font-weight: 400;\"><\/span><\/p>\n<p style=\"text-align: justify;\"><span style=\"font-weight: 400;\">Ainda com d\u00favidas? Que tal seis dicas para chegar no tema:<\/span><\/p>\n<p style=\"padding-left: 40px; text-align: justify;\"><strong>1.<\/strong> <b>Comece com o que voc\u00ea j\u00e1 tem de conhecimento: <\/b><span>Reflita sobre o que voc\u00ea j\u00e1 sabe e onde tem experi\u00eancia e interesse. Considere como aplicar esse conhecimento para responder a uma quest\u00e3o de pesquisa.<\/span><\/p>\n<p style=\"padding-left: 40px; text-align: justify;\"><b>2. Considere as necessidades da popula\u00e7\u00e3o e a relev\u00e2ncia social:<\/b><span> Pense nas necessidades da popula\u00e7\u00e3o e como sua pesquisa pode ajudar a melhorar a sa\u00fade e o bem-estar dessas pessoas. Reflita sobre como seu estudo pode gerar impactos positivos na sociedade e na sa\u00fade p\u00fablica.<\/span><\/p>\n<p style=\"padding-left: 40px; text-align: justify;\"><b>3. Procure inspira\u00e7\u00e3o em publica\u00e7\u00f5es cient\u00edficas:<\/b><span> Leia artigos e pesquisas relacionadas \u00e0 sua \u00e1rea de interesse para obter ideias e inspira\u00e7\u00e3o.<\/span><\/p>\n<p style=\"padding-left: 40px; text-align: justify;\"><b>4. Fa\u00e7a um brainstorm:<\/b><span> Fa\u00e7a uma lista de t\u00f3picos de interesse e potenciais quest\u00f5es de pesquisa que voc\u00ea gostaria de explorar.<\/span><\/p>\n<p style=\"padding-left: 40px; text-align: justify;\"><b>5. Use as Intelig\u00eancias Artificiais (IA) com sensatez:<\/b><span> As IA podem te ajudar nesse processo de identifica\u00e7\u00e3o dos temas. Por meio de um sistema de perguntas e respostas, elas podem ajud\u00e1-lo a explorar t\u00f3picos em diferentes \u00e1reas da Enfermagem e da sa\u00fade em geral, levando a poss\u00edveis <\/span><i><span>insights <\/span><\/i><span>para projetos de pesquisa.<\/span><\/p>\n<p style=\"padding-left: 40px; text-align: justify;\"><strong>6. Fa\u00e7a o nosso quiz<\/strong>, <span style=\"color: #0c71c3;\"><a href=\"https:\/\/enfermagempesquisadora.com.br\/?p=1666\" target=\"_blank\" style=\"color: #0c71c3;\" rel=\"noopener\">clicando aqui<\/a><\/span>, e descubra qual a \u00e1rea de pesquisa que mais combina com voc\u00ea ou <strong>leia o nosso post<\/strong> de <span style=\"color: #0c71c3;\"><a href=\"https:\/\/enfermagempesquisadora.com.br\/?p=1625\" target=\"_blank\" style=\"color: #0c71c3;\" rel=\"noopener\">10 temas mais bombados entre as publica\u00e7\u00f5es cient\u00edficas<\/a><\/span>.<span><\/span><\/p>\n<p style=\"text-align: justify;\"><span style=\"font-weight: 400;\"><\/span><\/p>\n<p style=\"text-align: justify;\"><span style=\"font-weight: 400;\">Ao escolher um tema de estudo, lembre-se de que \u00e9 importante escolher algo que te anime e incentive a pesquisar, pois isso pode ajudar a mant\u00ea-lo motivado ao longo do processo de pesquisa. Al\u00e9m disso, escolha um tema que seja vi\u00e1vel para sua \u00e1rea de atua\u00e7\u00e3o e n\u00edvel de experi\u00eancia.<\/span><\/p>\n<p>&nbsp;<\/p>\n<h5><strong>2. Procure orienta\u00e7\u00e3o:<\/strong><\/h5>\n<p style=\"text-align: justify;\"><span style=\"font-weight: 400;\"><\/span><\/p>\n<p style=\"text-align: justify;\"><span style=\"font-weight: 400;\">Um passo importante no processo de realiza\u00e7\u00e3o de pesquisas cient\u00edficas \u00e9 a busca por um orientador. Isso porque um orientador pode te guiar na condu\u00e7\u00e3o de uma pesquisa bem-sucedida, ajudar na identifica\u00e7\u00e3o de lacunas no conhecimento, fornecer feedback sobre o projeto de pesquisa e auxiliar na reda\u00e7\u00e3o de artigos cient\u00edficos.<\/span><\/p>\n<p style=\"text-align: justify;\"><span style=\"font-weight: 400;\">Um bom orientador tamb\u00e9m pode te ajudar a entender melhor o processo de pesquisa, o que \u00e9 particularmente importante se voc\u00ea \u00e9 novo na \u00e1rea. Eles podem ajud\u00e1-lo a aprender como formular perguntas de pesquisa relevantes, escolher o m\u00e9todo mais adequado, contribuir para o entendimento da an\u00e1lise dos resultados e interpreta\u00e7\u00e3o dos achados, bem como te auxiliar a identificar e superar poss\u00edveis problemas que possam ocorrer durante a realiza\u00e7\u00e3o da pesquisa.<\/span><\/p>\n<p style=\"text-align: justify;\"><span style=\"font-weight: 400;\">Para encontrar um orientador, \u00e9 importante pesquisar professores e profissionais da sa\u00fade que possuam experi\u00eancia na \u00e1rea de interesse. \u00c9 poss\u00edvel fazer isso por meio de pesquisas on-line, buscando artigos publicados ou por meio do curr\u00edculo lattes, consultando o corpo docente da sua institui\u00e7\u00e3o ou participando de grupos de pesquisa, como ser\u00e1 melhor exemplificado no t\u00f3pico seguinte.<\/span><\/p>\n<p style=\"text-align: justify;\"><span style=\"font-weight: 400;\">Ao escolher um orientador, certifique-se de que ele tenha uma <\/span><b>s\u00f3lida forma\u00e7\u00e3o em pesquisa e experi\u00eancia na \u00e1rea de interesse<\/b><span style=\"font-weight: 400;\">. \u00c9 importante tamb\u00e9m encontrar um orientador com quem voc\u00ea se sinta confort\u00e1vel em trabalhar e que esteja dispon\u00edvel para fornecer orienta\u00e7\u00e3o e feedback ao longo do processo de pesquisa.<\/span><\/p>\n<p>&nbsp;<\/p>\n<h5><strong>3. Participe de grupos de pesquisa:<\/strong><\/h5>\n<p style=\"text-align: justify;\"><span style=\"font-weight: 400;\"><\/span><\/p>\n<p style=\"text-align: justify;\"><span style=\"font-weight: 400;\">Al\u00e9m de encontrar um orientador, participar de grupos de pesquisa pode ser uma \u00f3tima maneira de se conectar com outros pesquisadores e encontrar poss\u00edveis orientadores.<\/span><\/p>\n<p style=\"text-align: justify;\"><span style=\"font-weight: 400;\">Ao participar de um grupo de pesquisa, voc\u00ea ter\u00e1 a oportunidade de colaborar com outros pesquisadores, trocar ideias e aprender novas habilidades. Al\u00e9m disso, muitos orientadores experientes participam de grupos de pesquisa, sendo assim sua inser\u00e7\u00e3o pode ajud\u00e1-lo a encontrar um orientador que tenha interesse na \u00e1rea que pretende pesquisar. Participar de grupos de pesquisa tamb\u00e9m pode auxili\u00e1-lo a estabelecer conex\u00f5es com profissionais da sa\u00fade e aumentar suas chances de publicar trabalhos cient\u00edficos.<\/span><\/p>\n<p style=\"text-align: justify;\"><span style=\"font-weight: 400;\">Para participar de grupos de pesquisa, verifique se sua institui\u00e7\u00e3o possui grupos relacionados \u00e0 Enfermagem ou \u00e0 sa\u00fade em geral. Voc\u00ea tamb\u00e9m pode procurar grupos de pesquisa em outras institui\u00e7\u00f5es pr\u00f3ximas ou se juntar aos grupos de pesquisa online.<\/span><\/p>\n<p style=\"text-align: justify;\"><span style=\"font-weight: 400;\">Visando auxili\u00e1-lo neste processo, o site Enfermagem Pesquisadora possui uma \u00e1rea exclusiva com a identifica\u00e7\u00e3o, por estado brasileiro, de todos os grupos de pesquisa voltados \u00e0 Enfermagem, que est\u00e3o ativos no Conselho Nacional de Desenvolvimento Cient\u00edfico e Tecnol\u00f3gico (CNPq). Para acessar esta p\u00e1gina basta <\/span><span style=\"color: #0c71c3;\"><b><a href=\"https:\/\/enfermagempesquisadora.com.br\/?page_id=915\" target=\"_blank\" style=\"color: #0c71c3;\" rel=\"noopener\">clicar aqui<\/a><\/b><\/span>.<\/p>\n<p>&nbsp;<\/p>\n<h5><strong>4. Busque conhecimento te\u00f3rico:<\/strong><\/h5>\n<p style=\"text-align: justify;\"><span style=\"font-weight: 400;\"><\/span><\/p>\n<p style=\"text-align: justify;\"><span style=\"font-weight: 400;\">Ao embarcar em um projeto de pesquisa, \u00e9 essencial ter uma base s\u00f3lida de conhecimento te\u00f3rico. A teoria fornece a estrutura e o contexto necess\u00e1rios para entender a pesquisa e seus resultados, e pode ajud\u00e1-lo a formular perguntas de pesquisa relevantes.<\/span><\/p>\n<p style=\"text-align: justify;\"><span style=\"font-weight: 400;\">Uma maneira de buscar conhecimento te\u00f3rico \u00e9 atrav\u00e9s da leitura de artigos cient\u00edficos e livros de refer\u00eancia na \u00e1rea de interesse. Essas fontes podem fornecer informa\u00e7\u00f5es valiosas sobre o estado atual do conhecimento na \u00e1rea, bem como introduzir teorias e conceitos relevantes. Para ter acesso a esses materiais, existem diversas fontes dispon\u00edveis, como as bases de dados cient\u00edficas: BDENF, CINAHL, LILACS, PUBMED, SCOPUS, Web of Science, dentre outras. Essas bases podem ser acessadas atrav\u00e9s de bibliotecas universit\u00e1rias, bibliotecas digitais e outras fontes online.<\/span><\/p>\n<p style=\"text-align: justify;\"><span style=\"font-weight: 400;\">Al\u00e9m disso, \u00e9 importante participar de aulas, semin\u00e1rios e workshops para aprender com outros profissionais e pesquisadores na \u00e1rea. Essas oportunidades podem fornecer informa\u00e7\u00f5es atualizadas sobre as \u00faltimas pesquisas e pr\u00e1ticas em Enfermagem e em sa\u00fade, e tamb\u00e9m podem te ajudar a desenvolver habilidades pr\u00e1ticas, como an\u00e1lise de dados e reda\u00e7\u00e3o de artigos cient\u00edficos.<\/span><\/p>\n<p style=\"text-align: justify;\"><span style=\"font-weight: 400;\">Outra op\u00e7\u00e3o \u00e9 participar de grupos de discuss\u00e3o e f\u00f3runs on-line, onde voc\u00ea pode se conectar com outros pesquisadores e trocar ideias e informa\u00e7\u00f5es. Isso pode ser especialmente \u00fatil para aqueles que n\u00e3o t\u00eam acesso f\u00e1cil a aulas ou semin\u00e1rios presenciais.<\/span><\/p>\n<p style=\"text-align: justify;\"><span style=\"font-weight: 400;\">Por fim, \u00e9 relevante buscar mentores e consultores experientes na \u00e1rea de interesse, que possam fornecer orienta\u00e7\u00e3o e feedback personalizados. Eles podem ajud\u00e1-lo a compreender conceitos te\u00f3ricos complexos e fornecer <\/span><i><span style=\"font-weight: 400;\">insights<\/span><\/i><span style=\"font-weight: 400;\"> \u00fateis sobre como aplicar esses conceitos \u00e0 sua pesquisa.<\/span><\/p>\n<p><span style=\"font-weight: 400;\">\u00a0<\/span><\/p>\n<h5><strong>5. Participe de projetos de pesquisa:<\/strong><\/h5>\n<p style=\"text-align: justify;\"><span style=\"font-weight: 400;\"><\/span><\/p>\n<p style=\"text-align: justify;\"><span style=\"font-weight: 400;\">Participar de projetos de pesquisa \u00e9 uma \u00f3tima maneira de adquirir conhecimento pr\u00e1tico e ganhar experi\u00eancia na \u00e1rea de pesquisa. Ao participar de um projeto de pesquisa, voc\u00ea ter\u00e1 a oportunidade de trabalhar com outros profissionais da \u00e1rea, como enfermeiros, m\u00e9dicos e outros pesquisadores da equipe de sa\u00fade multiprofissional.<\/span><\/p>\n<p style=\"text-align: justify;\"><span style=\"font-weight: 400;\">Existem v\u00e1rias maneiras de participar de projetos de pesquisa. Voc\u00ea pode fazer parte de projetos em meio a programas de est\u00e1gio, inicia\u00e7\u00e3o cient\u00edfica ou voluntariado em laborat\u00f3rios de pesquisa. Al\u00e9m disso, voc\u00ea pode procurar por oportunidades de participar de projetos por meio da inser\u00e7\u00e3o em grupos de pesquisa ou contatos com professores e pesquisadores da \u00e1rea.<\/span><\/p>\n<p style=\"text-align: justify;\"><span style=\"font-weight: 400;\">Ao participar de um projeto de pesquisa, voc\u00ea ir\u00e1 desempenhar v\u00e1rias fun\u00e7\u00f5es e poder\u00e1 aprender habilidades importantes, tais como:<\/span><\/p>\n<p><img data-recalc-dims=\"1\" loading=\"lazy\" decoding=\"async\" src=\"https:\/\/i0.wp.com\/enfermagempesquisadora.com.br\/wp-content\/uploads\/2023\/03\/Figura-2-primeiros-passos-funcoes-e-habilidades.png?resize=800%2C400\" width=\"800\" height=\"400\" alt=\"\" class=\"wp-image-1569 alignnone size-full\" style=\"display: block; margin-left: auto; margin-right: auto;\" srcset=\"https:\/\/i0.wp.com\/enfermagempesquisadora.com.br\/wp-content\/uploads\/2023\/03\/Figura-2-primeiros-passos-funcoes-e-habilidades.png?w=800&amp;ssl=1 800w, https:\/\/i0.wp.com\/enfermagempesquisadora.com.br\/wp-content\/uploads\/2023\/03\/Figura-2-primeiros-passos-funcoes-e-habilidades.png?resize=300%2C150&amp;ssl=1 300w, https:\/\/i0.wp.com\/enfermagempesquisadora.com.br\/wp-content\/uploads\/2023\/03\/Figura-2-primeiros-passos-funcoes-e-habilidades.png?resize=768%2C384&amp;ssl=1 768w\" sizes=\"(max-width: 800px) 100vw, 800px\" \/><\/p>\n<p style=\"text-align: justify;\">\u00a0<span style=\"font-weight: 400;\">\u00c9 importante lembrar que a participa\u00e7\u00e3o em projetos de pesquisa pode, n\u00e3o s\u00f3, fornecer experi\u00eancia valiosa, mas tamb\u00e9m pode ser uma forma de contribuir para o avan\u00e7o do conhecimento na \u00e1rea de sa\u00fade. Ao participar de um projeto, voc\u00ea pode ajudar a identificar novas solu\u00e7\u00f5es para problemas de sa\u00fade e melhorar a pr\u00e1tica cl\u00ednica, desenvolvendo novas formas de cuidado e tratamento para as mais diversas condi\u00e7\u00f5es de sa\u00fade.<\/span><\/p>\n<p>&nbsp;<\/p>\n<h5><strong>6. Participe de eventos acad\u00eamicos:<\/strong><\/h5>\n<p style=\"text-align: justify;\"><span style=\"font-weight: 400;\"><\/span><\/p>\n<p style=\"text-align: justify;\"><span style=\"font-weight: 400;\">Os eventos acad\u00eamicos s\u00e3o importantes para os profissionais e alunos de enfermagem que buscam se inserir na pesquisa. Participar de eventos acad\u00eamicos \u00e9 uma forma de aumentar o conhecimento te\u00f3rico e pr\u00e1tico na \u00e1rea da Enfermagem e sa\u00fade em geral, sendo um excelente espa\u00e7o para compartilhar, discutir ideias e resultados de pesquisas com outros profissionais e pesquisadores. Esses eventos incluem confer\u00eancias, simp\u00f3sios, workshops, jornadas, congressos, entre outros tipos de encontros acad\u00eamicos.<\/span><\/p>\n<p style=\"text-align: justify;\"><span style=\"font-weight: 400;\">Ao participar desses eventos, \u00e9 poss\u00edvel ter acesso a palestras, mesas-redondas, apresenta\u00e7\u00f5es de trabalhos cient\u00edficos e outras atividades que oferecem <\/span><i><span style=\"font-weight: 400;\">insights<\/span><\/i><span style=\"font-weight: 400;\"> valiosos sobre as \u00faltimas pesquisas, pr\u00e1ticas e tend\u00eancias em Enfermagem e sa\u00fade. Al\u00e9m disso, a participa\u00e7\u00e3o em eventos acad\u00eamicos permite conhecer outros profissionais da \u00e1rea, tornando-se um \u00f3timo local para fazer <\/span><i><span style=\"font-weight: 400;\">network<\/span><\/i><span style=\"font-weight: 400;\">, o que pode ser \u00fatil na busca de oportunidades de pesquisa e colabora\u00e7\u00f5es futuras.<\/span><\/p>\n<p style=\"text-align: justify;\"><span style=\"font-weight: 400;\">Diversos eventos cient\u00edficos oferecem a possibilidade de publica\u00e7\u00e3o dos trabalhos apresentados em anais do evento, auxiliando na divulga\u00e7\u00e3o dos resultados da pesquisa para um p\u00fablico maior. A publica\u00e7\u00e3o nos anais dos eventos \u00e9 uma forma de dar visibilidade ao trabalho realizado, bem como receber feedbacks e cr\u00edticas construtivas de outros pesquisadores, o que pode ajudar a aprimorar o projeto de pesquisa. Ademais, ter um trabalho publicado em anais de evento pode ser um diferencial na carreira acad\u00eamica e profissional, especialmente para aqueles que desejam seguir uma trajet\u00f3ria na pesquisa e na doc\u00eancia.<\/span><\/p>\n<p style=\"text-align: justify;\"><span style=\"font-weight: 400;\">Para participar de eventos acad\u00eamicos, \u00e9 preciso estar atento \u00e0s datas e locais de realiza\u00e7\u00e3o dos eventos e fazer inscri\u00e7\u00f5es com anteced\u00eancia. Existem diversos eventos gratuitos presenciais, remotos ou h\u00edbridos, por\u00e9m a maioria dos congressos s\u00e3o pagos e o valor pode n\u00e3o ser muito acess\u00edvel. Sendo assim, fique atento aos descontos para estudantes e profissionais que estes eventos normalmente oferecem, sobretudo nos lotes de vendas iniciais. Tais eventos podem ser encontrados em sites de institui\u00e7\u00f5es acad\u00eamicas ou por meio de mecanismos de busca especializados, como o Google. Uma dica \u00e9 ficar de olho nas redes sociais dos grupos de pesquisa, pois os professores e pesquisadores costumam divulgar eventos por meio delas.<\/span><\/p>\n<p>&nbsp;<\/p>\n<h5><strong>7. Publique seus estudos:<\/strong><\/h5>\n<p style=\"text-align: justify;\"><span style=\"font-weight: 400;\"><\/span><\/p>\n<p style=\"text-align: justify;\"><span style=\"font-weight: 400;\">A publica\u00e7\u00e3o de artigos cient\u00edficos \u00e9 uma etapa crucial na pesquisa acad\u00eamica, pois permite que os resultados obtidos sejam compartilhados com a comunidade cient\u00edfica e sejam utilizados por outros pesquisadores e profissionais da \u00e1rea. Al\u00e9m disso, a publica\u00e7\u00e3o de artigos \u00e9 uma forma de estabelecer e fortalecer a reputa\u00e7\u00e3o de pesquisadores e institui\u00e7\u00f5es, bem como contribuir para o avan\u00e7o da ci\u00eancia e tecnologia. Todavia, esse processo pode ser mais complexo do que \u00e9 imaginado.<\/span><\/p>\n<p style=\"text-align: justify;\"><span style=\"font-weight: 400;\">\u00c9 importante ressaltar que a publica\u00e7\u00e3o de artigos requer uma s\u00e9rie de cuidados e aten\u00e7\u00e3o aos detalhes, desde a escolha da revista adequada at\u00e9 a escrita do artigo em si. \u00c9 fundamental escolher uma revista que seja relevante para o tema de pesquisa e que possua um bom \u00edndice de impacto na \u00e1rea, pois isso pode aumentar a visibilidade do seu trabalho na comunidade cient\u00edfica.<\/span><\/p>\n<p style=\"text-align: justify;\"><span style=\"font-weight: 400;\">Para escolher a revista adequada, \u00e9 preciso considerar alguns aspectos, como o escopo da revista, o p\u00fablico-alvo, a indexa\u00e7\u00e3o em bases de dados relevantes, o fator de impacto da revista e, sobretudo, seu alinhamento com as Boas Pr\u00e1ticas Editoriais. Revistas especializadas em sua \u00e1rea de pesquisa podem ser uma boa op\u00e7\u00e3o, pois aumentam as chances de seu trabalho ser aceito para publica\u00e7\u00e3o.<\/span><\/p>\n<p style=\"text-align: justify;\"><span style=\"font-weight: 400;\">Al\u00e9m disso, \u00e9 importante seguir as normas de formata\u00e7\u00e3o e escrita estabelecidas pela revista escolhida. Cada revista tem suas pr\u00f3prias diretrizes, que incluem requisitos para a estrutura, formata\u00e7\u00e3o e refer\u00eancias do artigo. Ao seguir essas diretrizes, voc\u00ea aumenta suas chances de ter seu artigo aceito para publica\u00e7\u00e3o.<\/span><\/p>\n<p style=\"text-align: justify;\"><span style=\"font-weight: 400;\">Por fim, \u00e9 importante destacar que a publica\u00e7\u00e3o de artigos cient\u00edficos exige paci\u00eancia e persist\u00eancia, pois muitas vezes o processo pode ser demorado e exigir diversas revis\u00f5es e ajustes no trabalho.<\/span><\/p>\n<p style=\"text-align: justify;\"><span style=\"font-weight: 400;\"><\/span><\/p>\n<p style=\"text-align: justify;\"><span style=\"font-weight: 400;\">Em conclus\u00e3o as dicas apresentadas, torna-se evidente que a pesquisa \u00e9 uma ferramenta essencial para a melhoria da pr\u00e1tica cl\u00ednica e da Enfermagem enquanto ci\u00eancia, e qualquer estudante ou profissional pode contribuir para esse campo por meio de simples passos, como os apresentados. Essas a\u00e7\u00f5es podem ser enriquecedoras, tanto para a carreira, quanto para o avan\u00e7o da ci\u00eancia e da pr\u00e1tica cl\u00ednica, portanto, n\u00e3o deixe de explorar essas oportunidades e de buscar novas formas de aprendizado e desenvolvimento. Juntos, podemos construir um futuro mais promissor para a sa\u00fade e, sobretudo, para a Enfermagem.<\/span><\/p>\n<p>[\/et_pb_text][\/et_pb_column][\/et_pb_row][\/et_pb_section]<\/p>\n","protected":false},"excerpt":{"rendered":"<p>Primeiros passos A pesquisa \u00e9 uma parte fundamental do avan\u00e7o da Enfermagem e da sa\u00fade em geral. Como aluno ou enfermeiro, voc\u00ea pode contribuir para a melhoria da pr\u00e1tica cl\u00ednica, identificando lacunas de conhecimento e criando novas solu\u00e7\u00f5es para problemas de sa\u00fade. No entanto, n\u00f3s sabemos que entrar no mundo da pesquisa pode ser&#8230;<\/p>","protected":false},"author":1,"featured_media":0,"parent":0,"menu_order":0,"comment_status":"closed","ping_status":"closed","template":"","meta":{"_et_pb_use_builder":"on","_et_pb_old_content":"<!-- wp:divi\/placeholder \/-->","_et_gb_content_width":"","advanced_seo_description":"","jetpack_seo_html_title":"","jetpack_seo_noindex":false,"footnotes":""},"class_list":["post-1394","page","type-page","status-publish","hentry"],"blocksy_meta":[],"jetpack_sharing_enabled":true,"_links":{"self":[{"href":"https:\/\/enfermagempesquisadora.com.br\/en\/wp-json\/wp\/v2\/pages\/1394","targetHints":{"allow":["GET"]}}],"collection":[{"href":"https:\/\/enfermagempesquisadora.com.br\/en\/wp-json\/wp\/v2\/pages"}],"about":[{"href":"https:\/\/enfermagempesquisadora.com.br\/en\/wp-json\/wp\/v2\/types\/page"}],"author":[{"embeddable":true,"href":"https:\/\/enfermagempesquisadora.com.br\/en\/wp-json\/wp\/v2\/users\/1"}],"replies":[{"embeddable":true,"href":"https:\/\/enfermagempesquisadora.com.br\/en\/wp-json\/wp\/v2\/comments?post=1394"}],"version-history":[{"count":24,"href":"https:\/\/enfermagempesquisadora.com.br\/en\/wp-json\/wp\/v2\/pages\/1394\/revisions"}],"predecessor-version":[{"id":2364,"href":"https:\/\/enfermagempesquisadora.com.br\/en\/wp-json\/wp\/v2\/pages\/1394\/revisions\/2364"}],"wp:attachment":[{"href":"https:\/\/enfermagempesquisadora.com.br\/en\/wp-json\/wp\/v2\/media?parent=1394"}],"curies":[{"name":"wp","href":"https:\/\/api.w.org\/{rel}","templated":true}]}}