{"id":1645,"date":"2023-04-24T11:13:51","date_gmt":"2023-04-24T14:13:51","guid":{"rendered":"https:\/\/enfermagempesquisadora.com.br\/?page_id=1645"},"modified":"2025-07-21T21:54:51","modified_gmt":"2025-07-22T00:54:51","slug":"quem-somos","status":"publish","type":"page","link":"https:\/\/enfermagempesquisadora.com.br\/en\/quem-somos\/","title":{"rendered":"About us"},"content":{"rendered":"<p>[et_pb_section fb_built=&#8221;1&#8243; _builder_version=&#8221;4.16&#8243; global_colors_info=&#8221;{}&#8221;][et_pb_row _builder_version=&#8221;4.20.4&#8243; background_size=&#8221;initial&#8221; background_position=&#8221;top_left&#8221; background_repeat=&#8221;repeat&#8221; custom_padding=&#8221;0px||||false|false&#8221; global_colors_info=&#8221;{}&#8221;][et_pb_column type=&#8221;4_4&#8243; _builder_version=&#8221;4.16&#8243; custom_padding=&#8221;|||&#8221; global_colors_info=&#8221;{}&#8221; custom_padding__hover=&#8221;|||&#8221;][et_pb_text _builder_version=&#8221;4.20.4&#8243; _module_preset=&#8221;default&#8221; header_2_font=&#8221;|700|||||||&#8221; header_2_text_color=&#8221;#93db64&#8243; header_2_font_size=&#8221;50px&#8221; global_colors_info=&#8221;{}&#8221;]<\/p>\n<h2>Quem somos<\/h2>\n<p>[\/et_pb_text][\/et_pb_column][\/et_pb_row][et_pb_row _builder_version=&#8221;4.20.4&#8243; background_size=&#8221;initial&#8221; background_position=&#8221;top_left&#8221; background_repeat=&#8221;repeat&#8221; custom_margin=&#8221;0px||||false|false&#8221; custom_padding=&#8221;0px||||false|false&#8221; global_colors_info=&#8221;{}&#8221;][et_pb_column type=&#8221;4_4&#8243; _builder_version=&#8221;4.16&#8243; custom_padding=&#8221;|||&#8221; global_colors_info=&#8221;{}&#8221; custom_padding__hover=&#8221;|||&#8221;][et_pb_text _builder_version=&#8221;4.27.2&#8243; _module_preset=&#8221;default&#8221; text_font=&#8221;Inter||||||||&#8221; text_font_size=&#8221;15px&#8221; text_line_height=&#8221;1.6em&#8221; header_2_font=&#8221;|700|||||||&#8221; header_2_text_color=&#8221;#93db64&#8243; header_2_font_size=&#8221;38px&#8221; custom_padding=&#8221;10px||||false|false&#8221; global_colors_info=&#8221;{}&#8221;]<\/p>\n<p style=\"text-align: justify;\">O site Enfermagem Pesquisadora foi criado em fevereiro de 2023 como produto do mestrado do Programa Acad\u00eamico em Ci\u00eancias do Cuidado em Sa\u00fade da Universidade Federal Fluminense pela enfermeira Yasmin Saba de Almeida, sob orienta\u00e7\u00e3o da Prof.\u00aa Dr.\u00aa Geilsa Soraia Cavalcanti Valente.<\/p>\n<p style=\"text-align: justify;\">Voltado para a publica\u00e7\u00e3o de informa\u00e7\u00f5es e dicas direcionadas \u00e0 pesquisa em geral, nosso objetivo \u00e9 fornecer recursos abrangentes para profissionais e estudantes da sa\u00fade que desejam se envolver em pesquisas cient\u00edficas, mas n\u00e3o sabem por onde come\u00e7ar.<\/p>\n<p style=\"text-align: justify;\">Aqui voc\u00ea encontrar\u00e1 uma variedade de informa\u00e7\u00f5es, incluindo dicas para a realiza\u00e7\u00e3o de pesquisas, orienta\u00e7\u00f5es sobre como escrever artigos cient\u00edficos, atualiza\u00e7\u00f5es sobre os \u00faltimos lan\u00e7amentos da ci\u00eancia e muito mais. Todos os textos s\u00e3o elaborados por colaboradores, pesquisadores e docentes renomados na \u00e1rea da sa\u00fade, na pesquisa cient\u00edfica e afins. Al\u00e9m disso, estamos sempre dispon\u00edveis para sanar d\u00favidas, fornecer suporte e orienta\u00e7\u00e3o aos nossos leitores.<\/p>\n<p style=\"text-align: justify;\">O Enfermagem Pesquisadora \u00e9 uma iniciativa que busca disseminar a cultura da pesquisa cient\u00edfica e estimular o interesse dos estudantes e profissionais da \u00e1rea. Acreditamos que a pesquisa \u00e9 fundamental para o desenvolvimento da enfermagem como ci\u00eancia e para a melhoria da qualidade dos cuidados de sa\u00fade prestados \u00e0 popula\u00e7\u00e3o. Por isso, estamos sempre em busca de novas formas de contribuir para a forma\u00e7\u00e3o de uma comunidade cada vez mais engajada e ativa na pesquisa. Esperamos poder contar com a sua participa\u00e7\u00e3o nessa jornada!<\/p>\n<p>&nbsp;<\/p>\n<h3 style=\"text-align: justify;\">Nossa equipe<\/h3>\n<p>[\/et_pb_text][et_pb_image src=&#8221;https:\/\/enfermagempesquisadora.com.br\/wp-content\/uploads\/2025\/07\/1.png&#8221; title_text=&#8221;1&#8243; _builder_version=&#8221;4.27.4&#8243; _module_preset=&#8221;default&#8221; hover_enabled=&#8221;0&#8243; border_radii=&#8221;on|35px|35px|35px|35px&#8221; global_colors_info=&#8221;{}&#8221; sticky_enabled=&#8221;0&#8243;][\/et_pb_image][et_pb_image src=&#8221;https:\/\/enfermagempesquisadora.com.br\/wp-content\/uploads\/2025\/07\/3.png&#8221; title_text=&#8221;3&#8243; align=&#8221;right&#8221; _builder_version=&#8221;4.27.4&#8243; _module_preset=&#8221;default&#8221; hover_enabled=&#8221;0&#8243; border_radii=&#8221;on|35px|35px|35px|35px&#8221; global_colors_info=&#8221;{}&#8221; sticky_enabled=&#8221;0&#8243;][\/et_pb_image][\/et_pb_column][\/et_pb_row][\/et_pb_section]<\/p>\n","protected":false},"excerpt":{"rendered":"<p>Quem somos O site Enfermagem Pesquisadora foi criado em fevereiro de 2023 como produto do mestrado do Programa Acad\u00eamico em Ci\u00eancias do Cuidado em Sa\u00fade da Universidade Federal Fluminense pela enfermeira Yasmin Saba de Almeida, sob orienta\u00e7\u00e3o da Prof.\u00aa Dr.\u00aa Geilsa Soraia Cavalcanti Valente. Voltado para a publica\u00e7\u00e3o de informa\u00e7\u00f5es e dicas direcionadas \u00e0&#8230;<\/p>","protected":false},"author":1,"featured_media":0,"parent":0,"menu_order":0,"comment_status":"closed","ping_status":"closed","template":"","meta":{"_et_pb_use_builder":"on","_et_pb_old_content":"","_et_gb_content_width":"","advanced_seo_description":"","jetpack_seo_html_title":"","jetpack_seo_noindex":false,"footnotes":""},"class_list":["post-1645","page","type-page","status-publish","hentry"],"blocksy_meta":[],"jetpack_sharing_enabled":true,"_links":{"self":[{"href":"https:\/\/enfermagempesquisadora.com.br\/en\/wp-json\/wp\/v2\/pages\/1645","targetHints":{"allow":["GET"]}}],"collection":[{"href":"https:\/\/enfermagempesquisadora.com.br\/en\/wp-json\/wp\/v2\/pages"}],"about":[{"href":"https:\/\/enfermagempesquisadora.com.br\/en\/wp-json\/wp\/v2\/types\/page"}],"author":[{"embeddable":true,"href":"https:\/\/enfermagempesquisadora.com.br\/en\/wp-json\/wp\/v2\/users\/1"}],"replies":[{"embeddable":true,"href":"https:\/\/enfermagempesquisadora.com.br\/en\/wp-json\/wp\/v2\/comments?post=1645"}],"version-history":[{"count":13,"href":"https:\/\/enfermagempesquisadora.com.br\/en\/wp-json\/wp\/v2\/pages\/1645\/revisions"}],"predecessor-version":[{"id":2499,"href":"https:\/\/enfermagempesquisadora.com.br\/en\/wp-json\/wp\/v2\/pages\/1645\/revisions\/2499"}],"wp:attachment":[{"href":"https:\/\/enfermagempesquisadora.com.br\/en\/wp-json\/wp\/v2\/media?parent=1645"}],"curies":[{"name":"wp","href":"https:\/\/api.w.org\/{rel}","templated":true}]}}