{"id":402,"date":"2022-03-25T14:55:42","date_gmt":"2022-03-25T14:55:42","guid":{"rendered":"https:\/\/demo.creativethemes.com\/stagingeight\/?page_id=402"},"modified":"2025-09-18T13:35:06","modified_gmt":"2025-09-18T16:35:06","slug":"home","status":"publish","type":"page","link":"https:\/\/enfermagempesquisadora.com.br\/en\/","title":{"rendered":"Home"},"content":{"rendered":"<p>[et_pb_section fb_built=&#8221;1&#8243; admin_label=&#8221;section&#8221; _builder_version=&#8221;4.24.2&#8243; custom_padding=&#8221;0px||||false|false&#8221; global_colors_info=&#8221;{}&#8221;][et_pb_row custom_padding_last_edited=&#8221;on|tablet&#8221; _builder_version=&#8221;4.24.2&#8243; _module_preset=&#8221;default&#8221; custom_margin=&#8221;0px||-55px||false|false&#8221; custom_padding_tablet=&#8221;||0px||false|false&#8221; custom_padding_phone=&#8221;5px||0px||false|false&#8221; global_colors_info=&#8221;{}&#8221;][et_pb_column type=&#8221;4_4&#8243; _builder_version=&#8221;4.20.0&#8243; _module_preset=&#8221;default&#8221; global_colors_info=&#8221;{}&#8221;][et_pb_slider _builder_version=&#8221;4.24.2&#8243; _module_preset=&#8221;default&#8221; background_color=&#8221;RGBA(255,255,255,0)&#8221; height=&#8221;281px&#8221; max_height=&#8221;1000px&#8221; custom_margin_tablet=&#8221;-10px||0px|0px|false|false&#8221; custom_margin_phone=&#8221;-25px||6px|0px|false|false&#8221; custom_margin_last_edited=&#8221;on|tablet&#8221; custom_padding=&#8221;||0px||false|false&#8221; custom_padding_tablet=&#8221;||0px||false|false&#8221; custom_padding_phone=&#8221;||0px||false|false&#8221; custom_padding_last_edited=&#8221;on|tablet&#8221; global_colors_info=&#8221;{}&#8221;][et_pb_slide _builder_version=&#8221;4.20.0&#8243; _module_preset=&#8221;default&#8221; background_image=&#8221;http:\/\/enfermagempesquisadora.com.br\/wp-content\/uploads\/2023\/02\/Divulgando-e-ampliando-conhecimento.png&#8221; background_enable_image=&#8221;on&#8221; background_size=&#8221;contain&#8221; global_colors_info=&#8221;{}&#8221; sticky_transition=&#8221;on&#8221;][\/et_pb_slide][\/et_pb_slider][\/et_pb_column][\/et_pb_row][et_pb_row _builder_version=&#8221;4.27.4&#8243; _module_preset=&#8221;default&#8221; width=&#8221;100%&#8221; custom_margin=&#8221;54px||||false|false&#8221; custom_margin_tablet=&#8221;40px||||false|false&#8221; custom_margin_phone=&#8221;0px||-20px||false|false&#8221; custom_margin_last_edited=&#8221;on|desktop&#8221; custom_padding=&#8221;15px||0px||false|false&#8221; border_width_top=&#8221;3px&#8221; border_color_top=&#8221;#a383fa&#8221; global_colors_info=&#8221;{}&#8221;][et_pb_column type=&#8221;4_4&#8243; _builder_version=&#8221;4.20.0&#8243; _module_preset=&#8221;default&#8221; global_colors_info=&#8221;{}&#8221;][et_pb_text _builder_version=&#8221;4.27.4&#8243; _module_preset=&#8221;default&#8221; header_4_font=&#8221;Montserrat Alternates||||||||&#8221; header_4_text_color=&#8221;#FFFFFF&#8221; header_4_font_size=&#8221;17px&#8221; background_color=&#8221;#a383fa&#8221; width=&#8221;18%&#8221; width_tablet=&#8221;19%&#8221; width_phone=&#8221;40%&#8221; width_last_edited=&#8221;on|phone&#8221; custom_margin=&#8221;-16px||0px||false|false&#8221; custom_margin_tablet=&#8221;-16px||0px||false|false&#8221; custom_margin_phone=&#8221;-53px||0px||false|false&#8221; custom_margin_last_edited=&#8221;on|phone&#8221; custom_padding=&#8221;4px|4px|0px|7px|false|false&#8221; box_shadow_style=&#8221;preset2&#8243; box_shadow_horizontal=&#8221;4px&#8221; box_shadow_vertical=&#8221;5px&#8221; box_shadow_blur=&#8221;11px&#8221; global_colors_info=&#8221;{}&#8221;]<\/p>\n<h4>Guia do pesquisador<\/h4>\n<p>[\/et_pb_text][\/et_pb_column][\/et_pb_row][et_pb_row column_structure=&#8221;1_3,1_3,1_3&#8243; _builder_version=&#8221;4.24.2&#8243; _module_preset=&#8221;default&#8221; custom_padding=&#8221;22px||30px||false|false&#8221; global_colors_info=&#8221;{}&#8221;][et_pb_column type=&#8221;1_3&#8243; _builder_version=&#8221;4.20.0&#8243; _module_preset=&#8221;default&#8221; global_colors_info=&#8221;{}&#8221;][et_pb_image src=&#8221;https:\/\/enfermagempesquisadora.com.br\/wp-content\/uploads\/2024\/03\/Primeiros-passos-fig.png&#8221; title_text=&#8221;Primeiros passos fig&#8221; url=&#8221;https:\/\/enfermagempesquisadora.com.br\/primeiros-passos&#8221; align=&#8221;center&#8221; _builder_version=&#8221;4.27.4&#8243; _module_preset=&#8221;default&#8221; width=&#8221;60%&#8221; module_alignment=&#8221;center&#8221; min_height=&#8221;133px&#8221; min_height_tablet=&#8221;133px&#8221; min_height_phone=&#8221;133px&#8221; min_height_last_edited=&#8221;on|phone&#8221; max_height_tablet=&#8221;170px&#8221; max_height_phone=&#8221;150px&#8221; max_height_last_edited=&#8221;on|phone&#8221; custom_margin=&#8221;-15px||10px||false|false&#8221; custom_padding=&#8221;0px||||false|false&#8221; global_colors_info=&#8221;{}&#8221;][\/et_pb_image][et_pb_text _builder_version=&#8221;4.27.4&#8243; _module_preset=&#8221;default&#8221; header_text_color=&#8221;#a383fa&#8221; header_4_text_color=&#8221;#ff9985&#8243; text_orientation=&#8221;center&#8221; width=&#8221;80%&#8221; module_alignment=&#8221;center&#8221; global_colors_info=&#8221;{}&#8221;]<\/p>\n<h4 style=\"text-align: center;\"><a href=\"https:\/\/enfermagempesquisadora.com.br\/primeiros-passos\"><strong><span style=\"color: #ff9985;\">Primeiros passos<\/span><\/strong><\/a><\/h4>\n<p style=\"text-align: center;\">Tudo que voc\u00ea precisa saber para <span>come\u00e7ar sua jornada na pesquisa<\/span><\/p>\n<p>[\/et_pb_text][\/et_pb_column][et_pb_column type=&#8221;1_3&#8243; _builder_version=&#8221;4.20.0&#8243; _module_preset=&#8221;default&#8221; global_colors_info=&#8221;{}&#8221;][et_pb_image src=&#8221;https:\/\/enfermagempesquisadora.com.br\/wp-content\/uploads\/2024\/03\/Grupos-de-pesquisa-fig.png&#8221; title_text=&#8221;Grupos de pesquisa fig&#8221; url=&#8221;https:\/\/enfermagempesquisadora.com.br\/grupos-de-pesquisa&#8221; align=&#8221;center&#8221; _builder_version=&#8221;4.27.4&#8243; _module_preset=&#8221;default&#8221; width=&#8221;60%&#8221; module_alignment=&#8221;center&#8221; max_height_tablet=&#8221;170px&#8221; max_height_phone=&#8221;150px&#8221; max_height_last_edited=&#8221;on|phone&#8221; custom_margin=&#8221;-15px||10px||false|false&#8221; custom_padding=&#8221;0px||||false|false&#8221; global_colors_info=&#8221;{}&#8221;][\/et_pb_image][et_pb_text _builder_version=&#8221;4.27.4&#8243; _module_preset=&#8221;default&#8221; header_text_color=&#8221;#a383fa&#8221; header_4_text_color=&#8221;#ff9985&#8243; text_orientation=&#8221;center&#8221; width=&#8221;80%&#8221; width_tablet=&#8221;55%&#8221; width_phone=&#8221;70%&#8221; width_last_edited=&#8221;on|phone&#8221; module_alignment=&#8221;center&#8221; global_colors_info=&#8221;{}&#8221;]<\/p>\n<h4 style=\"text-align: center;\"><span style=\"color: #ff9985;\"><a href=\"https:\/\/enfermagempesquisadora.com.br\/grupos-de-pesquisa\" style=\"color: #ff9985;\"><strong>Grupos de pesquisa<\/strong><\/a><\/span><\/h4>\n<p style=\"text-align: center;\">Guia de acesso r\u00e1pido aos grupos de pesquisa voltados para a Enfermagem<\/p>\n<p>[\/et_pb_text][\/et_pb_column][et_pb_column type=&#8221;1_3&#8243; _builder_version=&#8221;4.20.0&#8243; _module_preset=&#8221;default&#8221; global_colors_info=&#8221;{}&#8221;][et_pb_image src=&#8221;https:\/\/enfermagempesquisadora.com.br\/wp-content\/uploads\/2025\/07\/materiais-educativos.png&#8221; title_text=&#8221;materiais educativos&#8221; url=&#8221;https:\/\/enfermagempesquisadora.com.br\/materiais-educativos&#8221; align=&#8221;center&#8221; _builder_version=&#8221;4.27.4&#8243; _module_preset=&#8221;default&#8221; width=&#8221;60%&#8221; module_alignment=&#8221;center&#8221; max_height_tablet=&#8221;170px&#8221; max_height_phone=&#8221;150px&#8221; max_height_last_edited=&#8221;on|phone&#8221; custom_margin=&#8221;-15px||10px||false|false&#8221; custom_padding=&#8221;0px||||false|false&#8221; global_colors_info=&#8221;{}&#8221;][\/et_pb_image][et_pb_text _builder_version=&#8221;4.27.4&#8243; _module_preset=&#8221;default&#8221; header_text_color=&#8221;#a383fa&#8221; header_4_text_color=&#8221;#ff9985&#8243; text_orientation=&#8221;center&#8221; width=&#8221;89%&#8221; width_tablet=&#8221;55%&#8221; width_phone=&#8221;70%&#8221; width_last_edited=&#8221;on|phone&#8221; module_alignment=&#8221;center&#8221; global_colors_info=&#8221;{}&#8221;]<\/p>\n<h4 style=\"text-align: center;\"><span style=\"color: #ff9985;\"><a href=\"https:\/\/enfermagempesquisadora.com.br\/materiais-educativos\" style=\"color: #ff9985;\"><strong>Materiais educativos<\/strong><\/a><\/span><\/h4>\n<p style=\"text-align: center;\">Cole\u00e7\u00e3o de materiais educativos sobre pesquisa<\/p>\n<p>[\/et_pb_text][\/et_pb_column][\/et_pb_row][et_pb_row _builder_version=&#8221;4.20.0&#8243; _module_preset=&#8221;default&#8221; custom_padding=&#8221;0px||0px||false|false&#8221; border_width_top=&#8221;3px&#8221; border_color_top=&#8221;#a383fa&#8221; global_colors_info=&#8221;{}&#8221;][et_pb_column type=&#8221;4_4&#8243; _builder_version=&#8221;4.20.0&#8243; _module_preset=&#8221;default&#8221; global_colors_info=&#8221;{}&#8221;][et_pb_text _builder_version=&#8221;4.24.2&#8243; _module_preset=&#8221;default&#8221; header_4_font=&#8221;Montserrat Alternates||||||||&#8221; header_4_text_color=&#8221;#FFFFFF&#8221; header_4_font_size=&#8221;17px&#8221; background_color=&#8221;#a383fa&#8221; width=&#8221;13%&#8221; width_tablet=&#8221;19%&#8221; width_phone=&#8221;40%&#8221; width_last_edited=&#8221;on|tablet&#8221; custom_margin=&#8221;||0px||false|false&#8221; custom_padding=&#8221;4px|4px|0px|7px|false|false&#8221; box_shadow_style=&#8221;preset2&#8243; box_shadow_horizontal=&#8221;4px&#8221; box_shadow_vertical=&#8221;5px&#8221; box_shadow_blur=&#8221;11px&#8221; global_colors_info=&#8221;{}&#8221;]<\/p>\n<h4>Posts recentes<\/h4>\n<p>[\/et_pb_text][\/et_pb_column][\/et_pb_row][et_pb_row _builder_version=&#8221;4.24.2&#8243; _module_preset=&#8221;default&#8221; global_colors_info=&#8221;{}&#8221;][et_pb_column type=&#8221;4_4&#8243; _builder_version=&#8221;4.24.2&#8243; _module_preset=&#8221;default&#8221; global_colors_info=&#8221;{}&#8221;][et_pb_blog fullwidth=&#8221;off&#8221; posts_number=&#8221;9&#8243; meta_date=&#8221;j M Y&#8221; use_manual_excerpt=&#8221;off&#8221; show_categories=&#8221;off&#8221; show_excerpt=&#8221;off&#8221; show_pagination=&#8221;off&#8221; _builder_version=&#8221;4.27.4&#8243; _module_preset=&#8221;default&#8221; header_font=&#8221;||||||||&#8221; header_text_color=&#8221;#93db64&#8243; header_font_size=&#8221;19px&#8221; meta_font_size=&#8221;12px&#8221; module_alignment=&#8221;center&#8221; custom_margin=&#8221;|||0px|false|false&#8221; custom_padding=&#8221;|||0px|false|false&#8221; custom_css_title=&#8221;height: 68px;||margin-top: -15px;||vertical-align: middle;&#8221; global_colors_info=&#8221;{}&#8221; custom_css_content__hover_enabled=&#8221;on|desktop&#8221; custom_css_content_last_edited=&#8221;on|desktop&#8221;][\/et_pb_blog][\/et_pb_column][\/et_pb_row][et_pb_row _builder_version=&#8221;4.20.0&#8243; _module_preset=&#8221;default&#8221; custom_padding=&#8221;0px||0px||false|false&#8221; border_width_top=&#8221;3px&#8221; border_color_top=&#8221;#a383fa&#8221; global_colors_info=&#8221;{}&#8221;][et_pb_column type=&#8221;4_4&#8243; _builder_version=&#8221;4.20.0&#8243; _module_preset=&#8221;default&#8221; global_colors_info=&#8221;{}&#8221;][et_pb_text _builder_version=&#8221;4.27.4&#8243; _module_preset=&#8221;default&#8221; header_4_font=&#8221;Montserrat Alternates||||||||&#8221; header_4_text_color=&#8221;#FFFFFF&#8221; header_4_font_size=&#8221;17px&#8221; background_color=&#8221;#a383fa&#8221; width=&#8221;13%&#8221; width_tablet=&#8221;19%&#8221; width_phone=&#8221;40%&#8221; width_last_edited=&#8221;on|tablet&#8221; custom_margin=&#8221;||0px||false|false&#8221; custom_padding=&#8221;4px|4px|0px|7px|false|false&#8221; box_shadow_style=&#8221;preset2&#8243; box_shadow_horizontal=&#8221;4px&#8221; box_shadow_vertical=&#8221;5px&#8221; box_shadow_blur=&#8221;11px&#8221; global_colors_info=&#8221;{}&#8221;]<\/p>\n<h4>Depoimentos<\/h4>\n<p>[\/et_pb_text][\/et_pb_column][\/et_pb_row][et_pb_row _builder_version=&#8221;4.24.2&#8243; _module_preset=&#8221;default&#8221; global_colors_info=&#8221;{}&#8221;][et_pb_column type=&#8221;4_4&#8243; _builder_version=&#8221;4.24.2&#8243; _module_preset=&#8221;default&#8221; global_colors_info=&#8221;{}&#8221;][et_pb_testimonial author=&#8221;Barbara Sabrina Fernandes&#8221; job_title=&#8221;Graduanda de Enfermagem&#8221; company_name=&#8221;Universidade Federal Fluminense &#8211; UFF&#8221; portrait_url=&#8221;https:\/\/enfermagempesquisadora.com.br\/wp-content\/uploads\/2025\/09\/unnamed.jpg&#8221; _builder_version=&#8221;4.27.4&#8243; _module_preset=&#8221;default&#8221; body_line_height=&#8221;1.3em&#8221; author_line_height=&#8221;1.4em&#8221; text_orientation=&#8221;justified&#8221; custom_margin=&#8221;||0px||false|false&#8221; global_colors_info=&#8221;{}&#8221;]<\/p>\n<p data-start=\"161\" data-end=\"633\" style=\"text-align: justify;\">Quero muito te agradecer pela forma como voc\u00ea me inspirou no in\u00edcio das aulas no per\u00edodo passado. Naquela atividade em que cada grupo deveria descrever a Enfermagem a partir de imagens, escolhi verbos como gerir, pesquisar e aplicar. Foi algo simples, mas, naquele instante, voc\u00ea disse que eu iria amar a pesquisa e a doc\u00eancia. Eu nem entendi o que voc\u00ea falou naquele dia, mas, pouco tempo depois, fez sentido. Eu amo a doc\u00eancia.<\/p>\n<p data-start=\"635\" data-end=\"985\" style=\"text-align: justify;\">Percebi que esse olhar que voc\u00ea teve comigo \u00e9 o mesmo que aparece nas suas pesquisas. No <a href=\"https:\/\/doi.org\/10.17665\/1676-4285.20236636\">editorial sobre acessibilidade nos peri\u00f3dicos<\/a>, vi sua preocupa\u00e7\u00e3o em tornar a ci\u00eancia inclusiva e aberta a todos, e isso me impressionou. E a <a href=\"https:\/\/doi.org\/10.5281\/zenodo.6772814\">apresenta\u00e7\u00e3o sobre como iniciar um artigo de revis\u00e3o<\/a> est\u00e1, inclusive, me ajudando a fazer um trabalho de metodologia.<\/p>\n<p data-start=\"987\" data-end=\"1212\" style=\"text-align: justify;\">Obrigada por ter enxergado em mim algo que eu mesma ainda n\u00e3o tinha clareza. Esse momento, junto com o que aprendi ao conhecer sua produ\u00e7\u00e3o, me inspira a acreditar que a Enfermagem \u00e9 muito mais que a assist\u00eancia: \u00e9 ci\u00eancia.<\/p>\n<p data-start=\"1214\" data-end=\"1240\" style=\"text-align: justify;\">Com carinho e admira\u00e7\u00e3o,<\/p>\n<p>[\/et_pb_testimonial][\/et_pb_column][\/et_pb_row][\/et_pb_section]<\/p>\n","protected":false},"excerpt":{"rendered":"<p>Guia do pesquisador Primeiros passos Tudo que voc\u00ea precisa saber para come\u00e7ar sua jornada na pesquisa Grupos de pesquisa Guia de acesso r\u00e1pido aos grupos de pesquisa voltados para a Enfermagem Materiais educativos Cole\u00e7\u00e3o de materiais educativos sobre pesquisa Posts recentes Mudan\u00e7as no Qualis: O que ningu\u00e9m te contou by Yasmin Saba de Almeida&#8230;<\/p>","protected":false},"author":1,"featured_media":0,"parent":0,"menu_order":0,"comment_status":"closed","ping_status":"closed","template":"","meta":{"_et_pb_use_builder":"on","_et_pb_old_content":"<!-- version:1676113969 -->\t\t\n\t\t\t<style>\/*! elementor - v3.10.2 - 29-01-2023 *\/\n.elementor-widget-image{text-align:center}.elementor-widget-image a{display:inline-block}.elementor-widget-image a img[src$=\".svg\"]{width:48px}.elementor-widget-image img{vertical-align:middle;display:inline-block}<\/style>\t\t\t\t\t\t\t\t\t\t\t\t<img width=\"1536\" height=\"400\" src=\"http:\/\/enfermagempesquisadora.com.br\/wp-content\/uploads\/2023\/02\/Divulgando-e-ampliando-conhecimento.png\" alt=\"\" loading=\"lazy\" srcset=\"https:\/\/enfermagempesquisadora.com.br\/wp-content\/uploads\/2023\/02\/Divulgando-e-ampliando-conhecimento.png 1536w, https:\/\/enfermagempesquisadora.com.br\/wp-content\/uploads\/2023\/02\/Divulgando-e-ampliando-conhecimento-300x78.png 300w, https:\/\/enfermagempesquisadora.com.br\/wp-content\/uploads\/2023\/02\/Divulgando-e-ampliando-conhecimento-1024x267.png 1024w, https:\/\/enfermagempesquisadora.com.br\/wp-content\/uploads\/2023\/02\/Divulgando-e-ampliando-conhecimento-768x200.png 768w, https:\/\/enfermagempesquisadora.com.br\/wp-content\/uploads\/2023\/02\/Divulgando-e-ampliando-conhecimento-18x5.png 18w\" sizes=\"(max-width: 1536px) 100vw, 1536px\" \/>\t\t\t\t\t\t\t\t\t\t\t\t\t\t\t\n\t\t\t<style>\/*! elementor - v3.10.2 - 29-01-2023 *\/\n.elementor-widget-divider{--divider-border-style:none;--divider-border-width:1px;--divider-color:#2c2c2c;--divider-icon-size:20px;--divider-element-spacing:10px;--divider-pattern-height:24px;--divider-pattern-size:20px;--divider-pattern-url:none;--divider-pattern-repeat:repeat-x}.elementor-widget-divider .elementor-divider{display:flex}.elementor-widget-divider .elementor-divider__text{font-size:15px;line-height:1;max-width:95%}.elementor-widget-divider .elementor-divider__element{margin:0 var(--divider-element-spacing);flex-shrink:0}.elementor-widget-divider .elementor-icon{font-size:var(--divider-icon-size)}.elementor-widget-divider .elementor-divider-separator{display:flex;margin:0;direction:ltr}.elementor-widget-divider--view-line_icon .elementor-divider-separator,.elementor-widget-divider--view-line_text .elementor-divider-separator{align-items:center}.elementor-widget-divider--view-line_icon .elementor-divider-separator:after,.elementor-widget-divider--view-line_icon .elementor-divider-separator:before,.elementor-widget-divider--view-line_text .elementor-divider-separator:after,.elementor-widget-divider--view-line_text .elementor-divider-separator:before{display:block;content:\"\";border-bottom:0;flex-grow:1;border-top:var(--divider-border-width) var(--divider-border-style) var(--divider-color)}.elementor-widget-divider--element-align-left .elementor-divider .elementor-divider-separator>.elementor-divider__svg:first-of-type{flex-grow:0;flex-shrink:100}.elementor-widget-divider--element-align-left .elementor-divider-separator:before{content:none}.elementor-widget-divider--element-align-left .elementor-divider__element{margin-left:0}.elementor-widget-divider--element-align-right .elementor-divider .elementor-divider-separator>.elementor-divider__svg:last-of-type{flex-grow:0;flex-shrink:100}.elementor-widget-divider--element-align-right .elementor-divider-separator:after{content:none}.elementor-widget-divider--element-align-right .elementor-divider__element{margin-right:0}.elementor-widget-divider:not(.elementor-widget-divider--view-line_text):not(.elementor-widget-divider--view-line_icon) .elementor-divider-separator{border-top:var(--divider-border-width) var(--divider-border-style) var(--divider-color)}.elementor-widget-divider--separator-type-pattern{--divider-border-style:none}.elementor-widget-divider--separator-type-pattern.elementor-widget-divider--view-line .elementor-divider-separator,.elementor-widget-divider--separator-type-pattern:not(.elementor-widget-divider--view-line) .elementor-divider-separator:after,.elementor-widget-divider--separator-type-pattern:not(.elementor-widget-divider--view-line) .elementor-divider-separator:before,.elementor-widget-divider--separator-type-pattern:not([class*=elementor-widget-divider--view]) .elementor-divider-separator{width:100%;min-height:var(--divider-pattern-height);-webkit-mask-size:var(--divider-pattern-size) 100%;mask-size:var(--divider-pattern-size) 100%;-webkit-mask-repeat:var(--divider-pattern-repeat);mask-repeat:var(--divider-pattern-repeat);background-color:var(--divider-color);-webkit-mask-image:var(--divider-pattern-url);mask-image:var(--divider-pattern-url)}.elementor-widget-divider--no-spacing{--divider-pattern-size:auto}.elementor-widget-divider--bg-round{--divider-pattern-repeat:round}.rtl .elementor-widget-divider .elementor-divider__text{direction:rtl}.e-con-inner>.elementor-widget-divider,.e-con>.elementor-widget-divider{width:var(--container-widget-width);--flex-grow:var(--container-widget-flex-grow)}<\/style>\t\t\n\t\t\t<style>\/*! elementor - v3.10.2 - 29-01-2023 *\/\n.elementor-heading-title{padding:0;margin:0;line-height:1}.elementor-widget-heading .elementor-heading-title[class*=elementor-size-]>a{color:inherit;font-size:inherit;line-height:inherit}.elementor-widget-heading .elementor-heading-title.elementor-size-small{font-size:15px}.elementor-widget-heading .elementor-heading-title.elementor-size-medium{font-size:19px}.elementor-widget-heading .elementor-heading-title.elementor-size-large{font-size:29px}.elementor-widget-heading .elementor-heading-title.elementor-size-xl{font-size:39px}.elementor-widget-heading .elementor-heading-title.elementor-size-xxl{font-size:59px}<\/style><h3>#Paracegover<\/h3>\t\t\n\t\t\t<h3>Playlists<\/h3>\t\t\n\t\thttps:\/\/www.youtube.com\/watch?v=XHOmBV4js_Ehttps:\/\/www.youtube.com\/watch?v=XHOmBV4js_Ehttps:\/\/www.youtube.com\/watch?v=XHOmBV4js_E\t\t\n\t\t\t<h3>Posts recentes<\/h3>\t\t\n\t\t\t\t\t\t\t\t\t\t\t\t\t\t\t<img src=\"https:\/\/enfermagempesquisadora.com.br\/wp-content\/plugins\/elementor\/assets\/images\/placeholder.png\" title=\"\" alt=\"\" loading=\"lazy\" \/>\t\t\t\t\t\t\t\t\t\t\t\t\t\t\t\n\t\t\t\t\t\t\t\t\t\t\t\t\t\t\t<img src=\"https:\/\/enfermagempesquisadora.com.br\/wp-content\/plugins\/elementor\/assets\/images\/placeholder.png\" title=\"\" alt=\"\" loading=\"lazy\" \/>\t\t\t\t\t\t\t\t\t\t\t\t\t\t\t\n\t\t\t\t\t\t\t\t\t\t\t\t\t\t\t<img src=\"https:\/\/enfermagempesquisadora.com.br\/wp-content\/plugins\/elementor\/assets\/images\/placeholder.png\" title=\"\" alt=\"\" loading=\"lazy\" \/>\t\t\t\t\t\t\t\t\t\t\t\t\t\t\t\n\t\t\t<h2>Post 1<\/h2>\t\t\n\t\t\t<h2>Post 2<\/h2>\t\t\n\t\t\t<h2>Post 3<\/h2>\t\t\n\t\t<p>Lorem ipsum dolor sit amet, consectetur adipiscing elit. Ut elit tellus, luctus nec ullamcorper mattis, pulvinar dapibus leo.<\/p><p>Lorem ipsum dolor sit amet, consectetur adipiscing elit. Ut elit tellus, luctus nec ullamcorper mattis, pulvinar dapibus leo.<\/p><p>Lorem ipsum dolor sit amet, consectetur adipiscing elit. Ut elit tellus, luctus nec ullamcorper mattis, pulvinar dapibus leo.<\/p>\t\t\n\t\t\t<style>\/*! elementor - v3.10.2 - 29-01-2023 *\/\n.elementor-widget-image-box .elementor-image-box-content{width:100%}@media (min-width:768px){.elementor-widget-image-box.elementor-position-left .elementor-image-box-wrapper,.elementor-widget-image-box.elementor-position-right .elementor-image-box-wrapper{display:flex}.elementor-widget-image-box.elementor-position-right .elementor-image-box-wrapper{text-align:right;flex-direction:row-reverse}.elementor-widget-image-box.elementor-position-left .elementor-image-box-wrapper{text-align:left;flex-direction:row}.elementor-widget-image-box.elementor-position-top .elementor-image-box-img{margin:auto}.elementor-widget-image-box.elementor-vertical-align-top .elementor-image-box-wrapper{align-items:flex-start}.elementor-widget-image-box.elementor-vertical-align-middle .elementor-image-box-wrapper{align-items:center}.elementor-widget-image-box.elementor-vertical-align-bottom .elementor-image-box-wrapper{align-items:flex-end}}@media (max-width:767px){.elementor-widget-image-box .elementor-image-box-img{margin-left:auto!important;margin-right:auto!important;margin-bottom:15px}}.elementor-widget-image-box .elementor-image-box-img{display:inline-block}.elementor-widget-image-box .elementor-image-box-title a{color:inherit}.elementor-widget-image-box .elementor-image-box-wrapper{text-align:center}.elementor-widget-image-box .elementor-image-box-description{margin:0}<\/style><figure><img src=\"https:\/\/enfermagempesquisadora.com.br\/wp-content\/plugins\/elementor\/assets\/images\/placeholder.png\" title=\"\" alt=\"\" loading=\"lazy\" \/><\/figure><h4>Autor 1<\/h4>\t\t\n\t\t\t<figure><img src=\"https:\/\/enfermagempesquisadora.com.br\/wp-content\/plugins\/elementor\/assets\/images\/placeholder.png\" title=\"\" alt=\"\" loading=\"lazy\" \/><\/figure><h4>Autor 2<\/h4>\t\t\n\t\t\t<figure><img src=\"https:\/\/enfermagempesquisadora.com.br\/wp-content\/plugins\/elementor\/assets\/images\/placeholder.png\" title=\"\" alt=\"\" loading=\"lazy\" \/><\/figure><h4>Autor 3<\/h4>\t\t\n\t\t\t<style>\/*! elementor - v3.10.2 - 29-01-2023 *\/\n.elementor-column .elementor-spacer-inner{height:var(--spacer-size)}.e-con{--container-widget-width:100%}.e-con-inner>.elementor-widget-spacer,.e-con>.elementor-widget-spacer{width:var(--container-widget-width,var(--spacer-size));--align-self:var(--container-widget-align-self,initial);--flex-shrink:0}.e-con-inner>.elementor-widget-spacer>.elementor-widget-container,.e-con-inner>.elementor-widget-spacer>.elementor-widget-container>.elementor-spacer,.e-con>.elementor-widget-spacer>.elementor-widget-container,.e-con>.elementor-widget-spacer>.elementor-widget-container>.elementor-spacer{height:100%}.e-con-inner>.elementor-widget-spacer>.elementor-widget-container>.elementor-spacer>.elementor-spacer-inner,.e-con>.elementor-widget-spacer>.elementor-widget-container>.elementor-spacer>.elementor-spacer-inner{height:var(--container-widget-height,var(--spacer-size))}<\/style>","_et_gb_content_width":"","advanced_seo_description":"","jetpack_seo_html_title":"","jetpack_seo_noindex":false,"footnotes":""},"class_list":["post-402","page","type-page","status-publish","hentry"],"blocksy_meta":{"styles_descriptor":{"styles":{"desktop":"","tablet":"","mobile":""},"google_fonts":[],"version":6}},"jetpack_sharing_enabled":true,"_links":{"self":[{"href":"https:\/\/enfermagempesquisadora.com.br\/en\/wp-json\/wp\/v2\/pages\/402","targetHints":{"allow":["GET"]}}],"collection":[{"href":"https:\/\/enfermagempesquisadora.com.br\/en\/wp-json\/wp\/v2\/pages"}],"about":[{"href":"https:\/\/enfermagempesquisadora.com.br\/en\/wp-json\/wp\/v2\/types\/page"}],"author":[{"embeddable":true,"href":"https:\/\/enfermagempesquisadora.com.br\/en\/wp-json\/wp\/v2\/users\/1"}],"replies":[{"embeddable":true,"href":"https:\/\/enfermagempesquisadora.com.br\/en\/wp-json\/wp\/v2\/comments?post=402"}],"version-history":[{"count":168,"href":"https:\/\/enfermagempesquisadora.com.br\/en\/wp-json\/wp\/v2\/pages\/402\/revisions"}],"predecessor-version":[{"id":2523,"href":"https:\/\/enfermagempesquisadora.com.br\/en\/wp-json\/wp\/v2\/pages\/402\/revisions\/2523"}],"wp:attachment":[{"href":"https:\/\/enfermagempesquisadora.com.br\/en\/wp-json\/wp\/v2\/media?parent=402"}],"curies":[{"name":"wp","href":"https:\/\/api.w.org\/{rel}","templated":true}]}}